{"id":76,"date":"2025-02-28T09:21:13","date_gmt":"2025-02-28T09:21:13","guid":{"rendered":"https:\/\/sonja.ivr.at\/?page_id=76"},"modified":"2025-03-14T23:04:50","modified_gmt":"2025-03-14T23:04:50","slug":"therapien-der-traditionellen-chinesischen-heilkunde-tcm","status":"publish","type":"page","link":"https:\/\/physiotherapie-sonja.at\/?page_id=76","title":{"rendered":"Therapien der traditionellen Chinesischen Heilkunde (TCM)"},"content":{"rendered":"<h2><img loading=\"lazy\" decoding=\"async\" class=\"alignnone size-medium wp-image-230\" src=\"https:\/\/physiotherapie-sonja.at\/wp-content\/uploads\/2025\/03\/frzm-188x300.jpeg\" alt=\"\" width=\"188\" height=\"300\" srcset=\"https:\/\/physiotherapie-sonja.at\/wp-content\/uploads\/2025\/03\/frzm-188x300.jpeg 188w, https:\/\/physiotherapie-sonja.at\/wp-content\/uploads\/2025\/03\/frzm-642x1024.jpeg 642w, https:\/\/physiotherapie-sonja.at\/wp-content\/uploads\/2025\/03\/frzm-768x1224.jpeg 768w, https:\/\/physiotherapie-sonja.at\/wp-content\/uploads\/2025\/03\/frzm-964x1536.jpeg 964w, https:\/\/physiotherapie-sonja.at\/wp-content\/uploads\/2025\/03\/frzm.jpeg 1061w\" sizes=\"auto, (max-width: 188px) 100vw, 188px\" \/>Akkupressur- und Pointpressmassage<\/h2>\n<p>Bei akuten oder chronischen Schmerzen, sowie nach Unf\u00e4llen und Operationen empfehle ich die akkupressur- oder Pointpressmassage. Sie hilft bei Gelenksschmerzen, Muskelverspannungen und Druckkopfschmerzen.<\/p>\n<h2>Meridianbehandlung und Shiatsu<\/h2>\n<p>Durch Dr\u00fccken der Punkte am ganzen K\u00f6rper wird der Energiefluss in den Meridianen und den Organen angeregt und der ganze K\u00f6rper wird mit frischer Energie gef\u00fcllt.<\/p>\n<h2>Yoga<\/h2>\n<p>Sanfte Entspannungs\u00fcbungen f\u00fcr mehr Beweglichkeit und Dehnbarkeit der Muskeln und Gelenke als Ausgleich zur einseitigen Alltagsbewegung. Der Energiefluss im ganzen K\u00f6rper wird angeregt und frische Lebensenergie f\u00fcr K\u00f6rper und Geist freigesetzt.<\/p>\n<h2>Klangarbeit mit Stimmgabeln \u2013 Klangmassage<\/h2>\n<p>Achtsam nehmen wir beiden den Klang deines K\u00f6rpers wahr, reinigen mit einer Klangdusche deinen K\u00f6rper uns sein Umfeld. Besonders in schwierigen Lebenssituationen gibt es Energie und st\u00e4rkt das Herzwohlgef\u00fchl und beruhigt den Geist.<\/p>\n<p>Die OM-Gabel schwingt in der gleichen Frequenz wie unsere Erde und enth\u00e4lt alle Farbsequenzen wie ein Regenbogen.<\/p>\n<p><strong>Wirkung der OM-Gabel und Chakrengabeln<\/strong><\/p>\n<ul>\n<li>Gef\u00fchl vom Klang umarmt zu werden<\/li>\n<li>St\u00e4rken der Erdverbundenheit<\/li>\n<li>Erh\u00f6hung der Schwingungen<\/li>\n<li>Harmonisieren der Chakren<\/li>\n<li>St\u00e4rken der Gelenke<\/li>\n<li>N\u00e4hren der Wirbels\u00e4ule<\/li>\n<\/ul>\n<h2>Thai Yoga Massage<\/h2>\n<p>Der Patient kann sich entspannen w\u00e4hrend der Therapeut den K\u00f6rper in alle Richtungen bewegt und somit den Energiefluss anregt.<\/p>\n<h2>Tui Na An Mo<\/h2>\n<p>Hierbei handelt es sich um eine spezielle Behandlungstechnik bei der mittels Streichen, Dr\u00fccken, Schieben und Zupfen jede Schmerzsymptomatik behandelt wird. Sie wird bei Tennisellbogen, F\u00fclle-Kopfschmerzen, Leere-Kopfschmerzen, Kniescheibenschmerzen oder -instabilit\u00e4t, Schulterinstabilit\u00e4t, Schulterluxation, Carpaltunnelsyndrom, Bandscheibenvorf\u00e4llen und \u2013Vorw\u00f6lbungen angewendet.<\/p>\n<h2>Wickeltherapie<\/h2>\n<p>Ein spezieller Ingwerwickel, der bei Bandscheibenvorf\u00e4llen hilft.<\/p>\n<h2>Kr\u00e4uterheilkunde<\/h2>\n<p>Die Kr\u00e4uterheilkunde nach der traditionellen chinesischen Medizin zur Anregung und Entspannung des Energiehaushaltes und des Verdauungstraktes.<\/p>\n<h2>Ern\u00e4hrungslehre<\/h2>\n<p>Die Ern\u00e4hrungslehre in der traditionellen chinesischen Medizin orientiert sich an 5 Elementen und den Jahreszeiten. Lebensmittel werden in W\u00e4rmende oder K\u00fchlende kategorisiert und je nach Jahreszeit oder Energietyp des Menschen empfohlen.<\/p>\n<h2>Tai Chi<\/h2>\n<p>Sanfte \u00dcbungen zur Dehnung und Kr\u00e4ftigung des gesamten K\u00f6rpers, sowie zur Beruhigung der Gedanken.<\/p>\n<h2>Chi Gong<\/h2>\n<p>Anregung des Energieflusses in unserem K\u00f6rper zur Aktivierung der Lebenskraft.<\/p>\n<h4><\/h4>\n<div class=\"photo_gallery\">\n<p><span class=\"frame\"><a class=\"imgeffect magnifier\" title=\"sample image\" href=\"https:\/\/web.archive.org\/web\/20240908073433\/https:\/\/physiotherapie-sonja.at\/wp-content\/uploads\/2011\/09\/header2.jpg\"><img decoding=\"async\" src=\"https:\/\/web.archive.org\/web\/20240908073433im_\/https:\/\/physiotherapie-sonja.at\/wp-content\/uploads\/2011\/09\/header2-920x509.jpg\" alt=\"\" \/><\/a><\/span><\/p>\n<\/div>\n","protected":false},"excerpt":{"rendered":"<p>Akkupressur- und Pointpressmassage Bei akuten oder chronischen Schmerzen, sowie nach Unf\u00e4llen und Operationen empfehle ich die akkupressur- oder Pointpressmassage. Sie hilft bei Gelenksschmerzen, Muskelverspannungen und Druckkopfschmerzen. Meridianbehandlung und Shiatsu Durch Dr\u00fccken der Punkte am ganzen K\u00f6rper wird der Energiefluss in den Meridianen und den Organen angeregt und der ganze K\u00f6rper wird mit frischer Energie gef\u00fcllt&#8230;.<\/p>\n","protected":false},"author":1,"featured_media":0,"parent":0,"menu_order":0,"comment_status":"closed","ping_status":"closed","template":"","meta":{"_kad_post_transparent":"default","_kad_post_title":"default","_kad_post_layout":"normal","_kad_post_sidebar_id":"","_kad_post_content_style":"default","_kad_post_vertical_padding":"default","_kad_post_feature":"","_kad_post_feature_position":"","_kad_post_header":false,"_kad_post_footer":false,"footnotes":""},"class_list":["post-76","page","type-page","status-publish","hentry"],"_links":{"self":[{"href":"https:\/\/physiotherapie-sonja.at\/index.php?rest_route=\/wp\/v2\/pages\/76","targetHints":{"allow":["GET"]}}],"collection":[{"href":"https:\/\/physiotherapie-sonja.at\/index.php?rest_route=\/wp\/v2\/pages"}],"about":[{"href":"https:\/\/physiotherapie-sonja.at\/index.php?rest_route=\/wp\/v2\/types\/page"}],"author":[{"embeddable":true,"href":"https:\/\/physiotherapie-sonja.at\/index.php?rest_route=\/wp\/v2\/users\/1"}],"replies":[{"embeddable":true,"href":"https:\/\/physiotherapie-sonja.at\/index.php?rest_route=%2Fwp%2Fv2%2Fcomments&post=76"}],"version-history":[{"count":4,"href":"https:\/\/physiotherapie-sonja.at\/index.php?rest_route=\/wp\/v2\/pages\/76\/revisions"}],"predecessor-version":[{"id":231,"href":"https:\/\/physiotherapie-sonja.at\/index.php?rest_route=\/wp\/v2\/pages\/76\/revisions\/231"}],"wp:attachment":[{"href":"https:\/\/physiotherapie-sonja.at\/index.php?rest_route=%2Fwp%2Fv2%2Fmedia&parent=76"}],"curies":[{"name":"wp","href":"https:\/\/api.w.org\/{rel}","templated":true}]}}