{"id":67,"date":"2025-02-28T09:09:55","date_gmt":"2025-02-28T09:09:55","guid":{"rendered":"https:\/\/sonja.ivr.at\/?page_id=67"},"modified":"2025-03-19T17:45:58","modified_gmt":"2025-03-19T17:45:58","slug":"therapie","status":"publish","type":"page","link":"https:\/\/physiotherapie-sonja.at\/?page_id=67","title":{"rendered":"Therapie"},"content":{"rendered":"<div>\n<h2>Therapien<\/h2>\n<p>Physiotherapien werden sowohl zur Rehabilitation, als auch zur Vorbeugung angewendet. Die gro\u00dfe Anzahl an unterschiedlichen Therapien erm\u00f6glicht individuelle Behandlungen zur F\u00f6rderung der Gesundheit. Aufgrund meiner jahrelangen Erfahrung und den vielen Fortbildungskursen ist es mir m\u00f6glich Ihnen eine Vielzahl an Heilmethoden anzubieten:<\/p>\n<\/div>\n<ul>\n<li><a href=\"https:\/\/physiotherapie-sonja.at\/?page_id=70\">Herk\u00f6mmliche Therapien der Schul- und Alternativmedizin<\/a><\/li>\n<li><a href=\"https:\/\/physiotherapie-sonja.at\/?page_id=76\">Therapien der traditionellen Chinesischen Heilkunde (TCM)<\/a><\/li>\n<\/ul>\n<h2>Termine<\/h2>\n<p>Termine erhalten Sie nach telefonischer Vereinbarung von Montag bis Freitag 8 \u2013 20 Uhr.<\/p>\n<h2>Hausbesuche in \u00d6tztal-Bahnhof und H\u00f6chst<\/h2>\n<p>Nach Schlaganf\u00e4llen, Sch\u00e4delhirntraumen oder Querschnittsl\u00e4hmungen \u00fcbernimmt die Krankenkasse die vollen Kosten f\u00fcr den Hausbesuch.<\/p>\n<h2>Kostenr\u00fcckerstattung<\/h2>\n<p>Die R\u00fcckverg\u00fctung von allen Krankenkassen nach dem Wahlarztprinzip ist m\u00f6glich, wenn Ihnen Ihr Haus- oder Facharzt\u00a0 mobilisierende Physiotherapieeinheiten zu je 60 Minuten verordnet. Gerne 10 Mal.<br \/>\nBitte von Ihrer Gesundheitskasse genehmigen lassen.<br \/>\nSie k\u00f6nnen auch gerne zu einer 45- oder 60-min\u00fctigen Massage kommen und die Kosten selbst \u00fcbernehmen.<\/p>\n","protected":false},"excerpt":{"rendered":"<p>Therapien Physiotherapien werden sowohl zur Rehabilitation, als auch zur Vorbeugung angewendet. Die gro\u00dfe Anzahl an unterschiedlichen Therapien erm\u00f6glicht individuelle Behandlungen zur F\u00f6rderung der Gesundheit. Aufgrund meiner jahrelangen Erfahrung und den vielen Fortbildungskursen ist es mir m\u00f6glich Ihnen eine Vielzahl an Heilmethoden anzubieten: Herk\u00f6mmliche Therapien der Schul- und Alternativmedizin Therapien der traditionellen Chinesischen Heilkunde (TCM) Termine&#8230;<\/p>\n","protected":false},"author":1,"featured_media":0,"parent":0,"menu_order":0,"comment_status":"closed","ping_status":"closed","template":"","meta":{"_kad_post_transparent":"enable","_kad_post_title":"above","_kad_post_layout":"normal","_kad_post_sidebar_id":"","_kad_post_content_style":"default","_kad_post_vertical_padding":"default","_kad_post_feature":"","_kad_post_feature_position":"","_kad_post_header":false,"_kad_post_footer":false,"footnotes":""},"class_list":["post-67","page","type-page","status-publish","hentry"],"_links":{"self":[{"href":"https:\/\/physiotherapie-sonja.at\/index.php?rest_route=\/wp\/v2\/pages\/67","targetHints":{"allow":["GET"]}}],"collection":[{"href":"https:\/\/physiotherapie-sonja.at\/index.php?rest_route=\/wp\/v2\/pages"}],"about":[{"href":"https:\/\/physiotherapie-sonja.at\/index.php?rest_route=\/wp\/v2\/types\/page"}],"author":[{"embeddable":true,"href":"https:\/\/physiotherapie-sonja.at\/index.php?rest_route=\/wp\/v2\/users\/1"}],"replies":[{"embeddable":true,"href":"https:\/\/physiotherapie-sonja.at\/index.php?rest_route=%2Fwp%2Fv2%2Fcomments&post=67"}],"version-history":[{"count":9,"href":"https:\/\/physiotherapie-sonja.at\/index.php?rest_route=\/wp\/v2\/pages\/67\/revisions"}],"predecessor-version":[{"id":252,"href":"https:\/\/physiotherapie-sonja.at\/index.php?rest_route=\/wp\/v2\/pages\/67\/revisions\/252"}],"wp:attachment":[{"href":"https:\/\/physiotherapie-sonja.at\/index.php?rest_route=%2Fwp%2Fv2%2Fmedia&parent=67"}],"curies":[{"name":"wp","href":"https:\/\/api.w.org\/{rel}","templated":true}]}}