{"id":128,"date":"2025-02-28T10:21:29","date_gmt":"2025-02-28T10:21:29","guid":{"rendered":"https:\/\/sonja.ivr.at\/?page_id=128"},"modified":"2025-05-11T13:28:20","modified_gmt":"2025-05-11T13:28:20","slug":"willkommen-neu","status":"publish","type":"page","link":"https:\/\/physiotherapie-sonja.at\/","title":{"rendered":"Willkommen"},"content":{"rendered":"<h2><img loading=\"lazy\" decoding=\"async\" class=\"alignnone size-medium wp-image-149\" src=\"https:\/\/physiotherapie-sonja.at\/wp-content\/uploads\/2025\/02\/sonja-egger1-216x300.jpg\" alt=\"\" width=\"216\" height=\"300\" srcset=\"https:\/\/physiotherapie-sonja.at\/wp-content\/uploads\/2025\/02\/sonja-egger1-216x300.jpg 216w, https:\/\/physiotherapie-sonja.at\/wp-content\/uploads\/2025\/02\/sonja-egger1.jpg 300w\" sizes=\"auto, (max-width: 216px) 100vw, 216px\" \/>Willkommen<\/h2>\n<p>Mein Name ist Sonja Egger und ich bin sehr erfreut Sie auf meiner Webseite begr\u00fc\u00dfen zu d\u00fcrfen! Seit dem Jahr 2000 bin ich als selbst\u00e4ndige Physiotherapeutin t\u00e4tig und biete ein breites Spektrum an traditionellen und modernen Heiltherapien an. Vereinbaren Sie einen Termin f\u00fcr einen Hausbesuch oder lassen Sie sich in eine meiner Praxen in \u00d6tztal Bahnhof, H\u00f6chst oder Prutz behandeln.<\/p>\n<div><em><span style=\"font-family: var(--global-body-font-family);\">Ich freue mich darauf Ihnen helfen zu k\u00f6nnen!<br \/>\nIhre Sonja Egger<\/span><\/em><\/div>\n<div><img loading=\"lazy\" decoding=\"async\" class=\"alignnone size-medium wp-image-227\" src=\"https:\/\/physiotherapie-sonja.at\/wp-content\/uploads\/2025\/03\/Delphin-holz-225x300.jpg\" alt=\"\" width=\"225\" height=\"300\" srcset=\"https:\/\/physiotherapie-sonja.at\/wp-content\/uploads\/2025\/03\/Delphin-holz-225x300.jpg 225w, https:\/\/physiotherapie-sonja.at\/wp-content\/uploads\/2025\/03\/Delphin-holz-768x1024.jpg 768w, https:\/\/physiotherapie-sonja.at\/wp-content\/uploads\/2025\/03\/Delphin-holz-1152x1536.jpg 1152w, https:\/\/physiotherapie-sonja.at\/wp-content\/uploads\/2025\/03\/Delphin-holz-1536x2048.jpg 1536w, https:\/\/physiotherapie-sonja.at\/wp-content\/uploads\/2025\/03\/Delphin-holz-scaled.jpg 1920w\" sizes=\"auto, (max-width: 225px) 100vw, 225px\" \/><img loading=\"lazy\" decoding=\"async\" class=\"alignnone size-medium wp-image-234\" src=\"https:\/\/physiotherapie-sonja.at\/wp-content\/uploads\/2025\/03\/violette-Blume-des-lebens-225x300.jpg\" alt=\"\" width=\"225\" height=\"300\" srcset=\"https:\/\/physiotherapie-sonja.at\/wp-content\/uploads\/2025\/03\/violette-Blume-des-lebens-225x300.jpg 225w, https:\/\/physiotherapie-sonja.at\/wp-content\/uploads\/2025\/03\/violette-Blume-des-lebens-768x1024.jpg 768w, https:\/\/physiotherapie-sonja.at\/wp-content\/uploads\/2025\/03\/violette-Blume-des-lebens-1152x1536.jpg 1152w, https:\/\/physiotherapie-sonja.at\/wp-content\/uploads\/2025\/03\/violette-Blume-des-lebens-1536x2048.jpg 1536w, https:\/\/physiotherapie-sonja.at\/wp-content\/uploads\/2025\/03\/violette-Blume-des-lebens-scaled.jpg 1920w\" sizes=\"auto, (max-width: 225px) 100vw, 225px\" \/><\/div>\n<p><img loading=\"lazy\" decoding=\"async\" class=\"alignnone size-full wp-image-91\" src=\"https:\/\/physiotherapie-sonja.at\/wp-content\/uploads\/2025\/02\/Logo-Sonja-Egger3.png\" alt=\"\" width=\"200\" height=\"132\" \/><\/p>\n","protected":false},"excerpt":{"rendered":"<p>Willkommen Mein Name ist Sonja Egger und ich bin sehr erfreut Sie auf meiner Webseite begr\u00fc\u00dfen zu d\u00fcrfen! Seit dem Jahr 2000 bin ich als selbst\u00e4ndige Physiotherapeutin t\u00e4tig und biete ein breites Spektrum an traditionellen und modernen Heiltherapien an. Vereinbaren Sie einen Termin f\u00fcr einen Hausbesuch oder lassen Sie sich in eine meiner Praxen in&#8230;<\/p>\n","protected":false},"author":1,"featured_media":0,"parent":0,"menu_order":0,"comment_status":"closed","ping_status":"closed","template":"","meta":{"_kad_post_transparent":"enable","_kad_post_title":"above","_kad_post_layout":"normal","_kad_post_sidebar_id":"","_kad_post_content_style":"default","_kad_post_vertical_padding":"default","_kad_post_feature":"","_kad_post_feature_position":"","_kad_post_header":false,"_kad_post_footer":false,"footnotes":""},"class_list":["post-128","page","type-page","status-publish","hentry"],"_links":{"self":[{"href":"https:\/\/physiotherapie-sonja.at\/index.php?rest_route=\/wp\/v2\/pages\/128","targetHints":{"allow":["GET"]}}],"collection":[{"href":"https:\/\/physiotherapie-sonja.at\/index.php?rest_route=\/wp\/v2\/pages"}],"about":[{"href":"https:\/\/physiotherapie-sonja.at\/index.php?rest_route=\/wp\/v2\/types\/page"}],"author":[{"embeddable":true,"href":"https:\/\/physiotherapie-sonja.at\/index.php?rest_route=\/wp\/v2\/users\/1"}],"replies":[{"embeddable":true,"href":"https:\/\/physiotherapie-sonja.at\/index.php?rest_route=%2Fwp%2Fv2%2Fcomments&post=128"}],"version-history":[{"count":12,"href":"https:\/\/physiotherapie-sonja.at\/index.php?rest_route=\/wp\/v2\/pages\/128\/revisions"}],"predecessor-version":[{"id":267,"href":"https:\/\/physiotherapie-sonja.at\/index.php?rest_route=\/wp\/v2\/pages\/128\/revisions\/267"}],"wp:attachment":[{"href":"https:\/\/physiotherapie-sonja.at\/index.php?rest_route=%2Fwp%2Fv2%2Fmedia&parent=128"}],"curies":[{"name":"wp","href":"https:\/\/api.w.org\/{rel}","templated":true}]}}